{"id":828,"date":"2022-03-10T14:00:53","date_gmt":"2022-03-10T13:00:53","guid":{"rendered":"http:\/\/www.naustdalbaatlag.com\/wordpress\/?page_id=828"},"modified":"2026-03-28T08:29:40","modified_gmt":"2026-03-28T07:29:40","slug":"referat","status":"publish","type":"page","link":"http:\/\/www.naustdalbaatlag.com\/wordpress\/?page_id=828","title":{"rendered":"Referat"},"content":{"rendered":"\n<p><strong>Referat fr\u00e5 \u00e5rsm\u00f8ter:<\/strong><\/p>\n\n\n\n<ul><li><a rel=\"noreferrer noopener\" href=\"http:\/\/www.naustdalbaatlag.com\/wordpress\/wp-content\/uploads\/2026\/03\/Underskriven-protokoll-fra-arsmote-2020.pdf\" target=\"_blank\">\u00c5rsm\u00f8te 2020<\/a><\/li><li><a rel=\"noreferrer noopener\" href=\"http:\/\/www.naustdalbaatlag.com\/wordpress\/wp-content\/uploads\/2022\/03\/Signert-Protokoll-Arsmote-2021.pdf\" target=\"_blank\">\u00c5rsm\u00f8te 2021<\/a><\/li><li><a rel=\"noreferrer noopener\" href=\"http:\/\/www.naustdalbaatlag.com\/wordpress\/wp-content\/uploads\/2022\/03\/Signert-Protokoll-Arsmote-2022.pdf\" target=\"_blank\">\u00c5rsm\u00f8te 2022<\/a><\/li><li><a rel=\"noreferrer noopener\" href=\"http:\/\/www.naustdalbaatlag.com\/wordpress\/wp-content\/uploads\/2023\/04\/Signert-Protokoll-Arsmote-2023.pdf\" target=\"_blank\">\u00c5rsm\u00f8te 2023<\/a><\/li><li><a rel=\"noreferrer noopener\" href=\"http:\/\/www.naustdalbaatlag.com\/wordpress\/wp-content\/uploads\/2025\/03\/Signert-Arsmoteprotokoll-2024-SA-NBL.pdf\" target=\"_blank\">\u00c5rsm\u00f8te 2024<\/a><\/li><li><a rel=\"noreferrer noopener\" href=\"http:\/\/www.naustdalbaatlag.com\/wordpress\/wp-content\/uploads\/2025\/04\/Underskriven-protokoll-arsmote-2025-med-vedlegg_val.pdf\" target=\"_blank\">\u00c5rsm\u00f8te 2025 <\/a><\/li><li>\u00c5rsm\u00f8te 2026<\/li><\/ul>\n\n\n\n<p><\/p>\n","protected":false},"excerpt":{"rendered":"<p>Referat fr\u00e5 \u00e5rsm\u00f8ter: \u00c5rsm\u00f8te 2020 \u00c5rsm\u00f8te 2021 \u00c5rsm\u00f8te 2022 \u00c5rsm\u00f8te 2023 \u00c5rsm\u00f8te 2024 \u00c5rsm\u00f8te 2025 \u00c5rsm\u00f8te 2026<\/p>\n","protected":false},"author":5,"featured_media":0,"parent":0,"menu_order":0,"comment_status":"closed","ping_status":"closed","template":"","meta":[],"_links":{"self":[{"href":"http:\/\/www.naustdalbaatlag.com\/wordpress\/index.php?rest_route=\/wp\/v2\/pages\/828"}],"collection":[{"href":"http:\/\/www.naustdalbaatlag.com\/wordpress\/index.php?rest_route=\/wp\/v2\/pages"}],"about":[{"href":"http:\/\/www.naustdalbaatlag.com\/wordpress\/index.php?rest_route=\/wp\/v2\/types\/page"}],"author":[{"embeddable":true,"href":"http:\/\/www.naustdalbaatlag.com\/wordpress\/index.php?rest_route=\/wp\/v2\/users\/5"}],"replies":[{"embeddable":true,"href":"http:\/\/www.naustdalbaatlag.com\/wordpress\/index.php?rest_route=%2Fwp%2Fv2%2Fcomments&post=828"}],"version-history":[{"count":13,"href":"http:\/\/www.naustdalbaatlag.com\/wordpress\/index.php?rest_route=\/wp\/v2\/pages\/828\/revisions"}],"predecessor-version":[{"id":1039,"href":"http:\/\/www.naustdalbaatlag.com\/wordpress\/index.php?rest_route=\/wp\/v2\/pages\/828\/revisions\/1039"}],"wp:attachment":[{"href":"http:\/\/www.naustdalbaatlag.com\/wordpress\/index.php?rest_route=%2Fwp%2Fv2%2Fmedia&parent=828"}],"curies":[{"name":"wp","href":"https:\/\/api.w.org\/{rel}","templated":true}]}}