{"id":221,"date":"2013-04-17T13:22:18","date_gmt":"2013-04-17T11:22:18","guid":{"rendered":"http:\/\/www.naustdalbaatlag.com\/wordpress\/?page_id=221"},"modified":"2026-03-28T08:20:49","modified_gmt":"2026-03-28T07:20:49","slug":"dugnad","status":"publish","type":"page","link":"http:\/\/www.naustdalbaatlag.com\/wordpress\/?page_id=221","title":{"rendered":"DUGNAD"},"content":{"rendered":"<h1><strong>Last ned skjema for\u00a0<a href=\"http:\/\/www.naustdalbaatlag.com\/wordpress\/wp-content\/uploads\/2013\/04\/Registrering-av-dugnadsarbeid.pdf\">Registrering av dugnadsarbeid<\/a><\/strong><\/h1>\n<p><strong>Plikt til \u00e5 gjere dugnad<\/strong><\/p>\n<p>Alle b\u00e5tplasseigarar er pliktig til \u00e5 gjere minst 5 timar dugnad i \u00e5ret , jf. \u00a7 15 i Lovene for Naustdal B\u00e5tlag.<\/p>\n<p>Det vil vere opp til kvart medlem \u00e5 melde seg p\u00e5 dugnad. N\u00e5r dugnad er gjort melder ein inn kva som er gjort, tal timar som er brukt og kontonummer til kasserar.<\/p>\n<p>Kvar dugnadstime vert godtgjort med kr. 200. Styret f\u00f8rer oversikt over tal dugnadstimar.<br \/>\nInnmelding m\u00e5 vere gjort f\u00f8r 1. desember.<br \/>\n<strong>Utbetaling for dugnadstimar skal vere gjort innan 31.12.<\/strong><\/p>\n<p><strong>Dugnad planlagd i 2026<\/strong><\/p>\n<ul>\n<li style=\"list-style-type: none;\">\n<ul>\n<li>Byte og korrigere fort\u00f8ying i aust og vest<\/li>\n<li>Korrigere fort\u00f8yingar mot molo<\/li>\n<li>Vaske treverk<\/li>\n<li>Olje treverk<\/li>\n<li>Montere ekstra flytepontong p\u00e5 pir i vest<\/li>\n<li>Rydde og k\u00f8yre vekk boss<\/li>\n<li>Rydde krattskog<\/li>\n<li>Vedlikehald vassanlegg<\/li>\n<\/ul>\n<\/li>\n<\/ul>\n","protected":false},"excerpt":{"rendered":"<p>Last ned skjema for\u00a0Registrering av dugnadsarbeid Plikt til \u00e5 gjere dugnad Alle b\u00e5tplasseigarar er pliktig til \u00e5 gjere minst 5 timar dugnad i \u00e5ret , jf. \u00a7 15 i Lovene for Naustdal B\u00e5tlag. Det vil vere opp til kvart medlem \u00e5 melde seg p\u00e5 dugnad. N\u00e5r dugnad er gjort melder ein inn kva som er &hellip; <\/p>\n<p><a class=\"more-link block-button\" href=\"http:\/\/www.naustdalbaatlag.com\/wordpress\/?page_id=221\">Les mer &raquo;<\/a><\/p>\n","protected":false},"author":2,"featured_media":0,"parent":0,"menu_order":0,"comment_status":"closed","ping_status":"closed","template":"","meta":[],"_links":{"self":[{"href":"http:\/\/www.naustdalbaatlag.com\/wordpress\/index.php?rest_route=\/wp\/v2\/pages\/221"}],"collection":[{"href":"http:\/\/www.naustdalbaatlag.com\/wordpress\/index.php?rest_route=\/wp\/v2\/pages"}],"about":[{"href":"http:\/\/www.naustdalbaatlag.com\/wordpress\/index.php?rest_route=\/wp\/v2\/types\/page"}],"author":[{"embeddable":true,"href":"http:\/\/www.naustdalbaatlag.com\/wordpress\/index.php?rest_route=\/wp\/v2\/users\/2"}],"replies":[{"embeddable":true,"href":"http:\/\/www.naustdalbaatlag.com\/wordpress\/index.php?rest_route=%2Fwp%2Fv2%2Fcomments&post=221"}],"version-history":[{"count":26,"href":"http:\/\/www.naustdalbaatlag.com\/wordpress\/index.php?rest_route=\/wp\/v2\/pages\/221\/revisions"}],"predecessor-version":[{"id":1033,"href":"http:\/\/www.naustdalbaatlag.com\/wordpress\/index.php?rest_route=\/wp\/v2\/pages\/221\/revisions\/1033"}],"wp:attachment":[{"href":"http:\/\/www.naustdalbaatlag.com\/wordpress\/index.php?rest_route=%2Fwp%2Fv2%2Fmedia&parent=221"}],"curies":[{"name":"wp","href":"https:\/\/api.w.org\/{rel}","templated":true}]}}