{"id":151,"date":"2012-05-20T21:47:05","date_gmt":"2012-05-20T19:47:05","guid":{"rendered":"http:\/\/www.naustdalbaatlag.com\/wordpress\/?page_id=151"},"modified":"2026-04-16T22:35:07","modified_gmt":"2026-04-16T21:35:07","slug":"prisar","status":"publish","type":"page","link":"http:\/\/www.naustdalbaatlag.com\/wordpress\/?page_id=151","title":{"rendered":"Prisliste"},"content":{"rendered":"<p><strong>Gjeldande fr\u00e5 og med 1. april\u00a0 2026<\/strong><\/p>\n<p><strong>Kontonummer til SA Naustdal B\u00e5tlag 3841 35 03504<\/strong><\/p>\n<p><strong>Vippsnummer til SA Naustdal B\u00e5tlag #111432<\/strong><\/p>\n<table width=\"603\">\n<tbody>\n<tr>\n<td width=\"413\">4 m b\u00e5tplass \u2013 innskot<\/td>\n<td width=\"40\">Kr<\/td>\n<td width=\"142\">35.022.-<\/td>\n<\/tr>\n<tr>\n<td width=\"413\">6 m b\u00e5tplass \u2013 innskot<\/td>\n<td width=\"40\">Kr<\/td>\n<td width=\"142\">43.247,-<\/td>\n<\/tr>\n<tr>\n<td width=\"413\">8 m b\u00e5tplass \u2013 innskot<\/td>\n<td width=\"40\">Kr<\/td>\n<td width=\"142\">52.867,-<\/td>\n<\/tr>\n<tr>\n<td width=\"413\">4 m b\u00e5tplass \u2013 \u00e5rleg leige<\/td>\n<td width=\"40\">Kr<\/td>\n<td width=\"142\">1.650.-<\/td>\n<\/tr>\n<tr>\n<td width=\"413\">6 m b\u00e5tplass \u2013 \u00e5rleg leige<\/td>\n<td width=\"40\">Kr<\/td>\n<td width=\"142\">1.750.-<\/td>\n<\/tr>\n<tr>\n<td width=\"413\">8 m b\u00e5tplass \u2013 \u00e5rleg leige<\/td>\n<td width=\"40\">Kr<\/td>\n<td width=\"142\">1.850.-<\/td>\n<\/tr>\n<tr>\n<td width=\"413\">Medlemskontigent pr \u00e5r<\/td>\n<td width=\"40\">Kr<\/td>\n<td width=\"142\">350.-<\/td>\n<\/tr>\n<tr>\n<td width=\"413\">Leige av 4m plass per m\u00e5nad<\/td>\n<td width=\"40\">Kr<\/td>\n<td width=\"142\">200,-<\/td>\n<\/tr>\n<tr>\n<td width=\"413\">Leige av 6m plass per m\u00e5nad<\/td>\n<td width=\"40\">Kr<\/td>\n<td width=\"142\">250,-<\/td>\n<\/tr>\n<tr>\n<td width=\"413\">Leige av 8m plass per m\u00e5nad<\/td>\n<td width=\"40\">Kr<\/td>\n<td width=\"142\">300,-<\/td>\n<\/tr>\n<tr>\n<td width=\"413\">Leige av ekstra breidde 4m plass, per cm ekstra breidde<\/td>\n<td width=\"40\">Kr<\/td>\n<td width=\"142\">8,25<\/td>\n<\/tr>\n<tr>\n<td width=\"413\">Leige av ekstra breidde 6m plass, per cm ekstra breidde<\/td>\n<td width=\"40\">Kr<\/td>\n<td width=\"142\">8,75<\/td>\n<\/tr>\n<tr>\n<td width=\"413\">Leige av ekstra breidde 8m plass, per cm ekstra breidde<\/td>\n<td width=\"40\">Kr<\/td>\n<td width=\"142\">9,25<\/td>\n<\/tr>\n<tr>\n<td width=\"413\">Justeringsavgift for leige av ekstra breidde<\/td>\n<td width=\"40\">Kr<\/td>\n<td width=\"142\">1.500,-<\/td>\n<\/tr>\n<tr>\n<td width=\"413\">Utf\u00f8rt dugnad &#8211; godtgjersle pr time<\/td>\n<td width=\"40\">Kr<\/td>\n<td width=\"142\">200.-<\/td>\n<\/tr>\n<tr>\n<td width=\"413\">Leige av slipp<\/td>\n<td width=\"40\">Kr<\/td>\n<td width=\"142\">100,-<br \/>\n(medlemmar gratis)<\/td>\n<\/tr>\n<tr>\n<td width=\"413\">Bruk av b\u00e5topptrekk,\u00a0i inntil 7 dagar.<br \/>\n(Betalast f\u00f8r b\u00e5ten vert sett ut att)<\/td>\n<td width=\"40\">Kr<\/td>\n<td width=\"142\">15,- pr fot<\/p>\n<p>(ikkje medlem 1500,-)<\/td>\n<\/tr>\n<tr>\n<td width=\"413\">Bruk av gjestebrygge (inkl straum) pr d\u00f8gn<\/td>\n<td width=\"40\">Kr<\/td>\n<td width=\"142\">150.-<\/td>\n<\/tr>\n<tr>\n<td width=\"413\">Ny\/ekstra n\u00f8kkelbrikke<\/td>\n<td width=\"40\">Kr<\/td>\n<td width=\"142\">300,-<\/td>\n<\/tr>\n<tr>\n<td width=\"413\">Depositum for leige av straumm\u00e5lar<\/td>\n<td width=\"40\">Kr<\/td>\n<td width=\"142\">1.000,-<\/td>\n<\/tr>\n<tr>\n<td width=\"413\">\u00c5rleg leige av straumm\u00e5lar<\/td>\n<td width=\"40\">Kr<\/td>\n<td width=\"142\">200,-<\/td>\n<\/tr>\n<tr>\n<td width=\"413\">Straumpris basert p\u00e5 snitt 1.okt. 2025 til 1. april. 2026<\/td>\n<td width=\"40\">Kr<\/td>\n<td width=\"142\">1,72 pr. kWh<\/td>\n<\/tr>\n<tr>\n<td width=\"413\"><\/td>\n<td width=\"40\"><\/td>\n<td width=\"142\"><\/td>\n<\/tr>\n<tr>\n<td width=\"413\">Purregebyr 1. gong<\/td>\n<td width=\"40\">Kr<\/td>\n<td width=\"142\">50.-<\/td>\n<\/tr>\n<tr>\n<td width=\"413\">Purregebyr 2. gong<\/td>\n<td width=\"40\">Kr<\/td>\n<td width=\"142\">100.-<\/td>\n<\/tr>\n<\/tbody>\n<\/table>\n","protected":false},"excerpt":{"rendered":"<p>Gjeldande fr\u00e5 og med 1. april\u00a0 2026 Kontonummer til SA Naustdal B\u00e5tlag 3841 35 03504 Vippsnummer til SA Naustdal B\u00e5tlag #111432 4 m b\u00e5tplass \u2013 innskot Kr 35.022.- 6 m b\u00e5tplass \u2013 innskot Kr 43.247,- 8 m b\u00e5tplass \u2013 innskot Kr 52.867,- 4 m b\u00e5tplass \u2013 \u00e5rleg leige Kr 1.650.- 6 m b\u00e5tplass \u2013 \u00e5rleg &hellip; <\/p>\n<p><a class=\"more-link block-button\" href=\"http:\/\/www.naustdalbaatlag.com\/wordpress\/?page_id=151\">Les mer &raquo;<\/a><\/p>\n","protected":false},"author":2,"featured_media":0,"parent":0,"menu_order":0,"comment_status":"closed","ping_status":"closed","template":"","meta":[],"_links":{"self":[{"href":"http:\/\/www.naustdalbaatlag.com\/wordpress\/index.php?rest_route=\/wp\/v2\/pages\/151"}],"collection":[{"href":"http:\/\/www.naustdalbaatlag.com\/wordpress\/index.php?rest_route=\/wp\/v2\/pages"}],"about":[{"href":"http:\/\/www.naustdalbaatlag.com\/wordpress\/index.php?rest_route=\/wp\/v2\/types\/page"}],"author":[{"embeddable":true,"href":"http:\/\/www.naustdalbaatlag.com\/wordpress\/index.php?rest_route=\/wp\/v2\/users\/2"}],"replies":[{"embeddable":true,"href":"http:\/\/www.naustdalbaatlag.com\/wordpress\/index.php?rest_route=%2Fwp%2Fv2%2Fcomments&post=151"}],"version-history":[{"count":53,"href":"http:\/\/www.naustdalbaatlag.com\/wordpress\/index.php?rest_route=\/wp\/v2\/pages\/151\/revisions"}],"predecessor-version":[{"id":1048,"href":"http:\/\/www.naustdalbaatlag.com\/wordpress\/index.php?rest_route=\/wp\/v2\/pages\/151\/revisions\/1048"}],"wp:attachment":[{"href":"http:\/\/www.naustdalbaatlag.com\/wordpress\/index.php?rest_route=%2Fwp%2Fv2%2Fmedia&parent=151"}],"curies":[{"name":"wp","href":"https:\/\/api.w.org\/{rel}","templated":true}]}}